{"id":1187,"date":"2021-10-14T18:48:02","date_gmt":"2021-10-14T18:48:02","guid":{"rendered":"https:\/\/rainbowit.net\/themes\/imroz\/?page_id=1187"},"modified":"2023-08-29T22:02:11","modified_gmt":"2023-08-29T22:02:11","slug":"kurumsal","status":"publish","type":"page","link":"https:\/\/ergeajans.com\/index.php\/kurumsal\/","title":{"rendered":"Kurumsal"},"content":{"rendered":"\t\t<div data-elementor-type=\"wp-page\" data-elementor-id=\"1187\" class=\"elementor elementor-1187\">\n\t\t\t\t\t\t\t\t\t<section class=\"elementor-section elementor-top-section elementor-element elementor-element-bb13a73 elementor-section-full_width elementor-section-height-default elementor-section-height-default\" data-id=\"bb13a73\" data-element_type=\"section\">\n\t\t\t\t\t\t<div class=\"elementor-container elementor-column-gap-no\">\n\t\t\t\t\t<div class=\"elementor-column elementor-col-100 elementor-top-column elementor-element elementor-element-20d553a\" data-id=\"20d553a\" data-element_type=\"column\">\n\t\t\t<div class=\"elementor-widget-wrap elementor-element-populated\">\n\t\t\t\t\t\t\t\t<div class=\"elementor-element elementor-element-101af9a elementor-widget elementor-widget-imroz-about\" data-id=\"101af9a\" data-element_type=\"widget\" data-widget_type=\"imroz-about.default\">\n\t\t\t\t<div class=\"elementor-widget-container\">\n\t\t\t        <!-- Start About Area  -->\n        <div class=\"about-area pb--120 pt--120\">\n            <div class=\"about-wrapper\">\n                <div class=\"container\">\n                    <div class=\"row row--35 align-items-center\">\n                                                <div class=\"col-lg-5 col-md-12\">\n                            <div class=\"thumbnail\">\n                                                                <img loading=\"lazy\" decoding=\"async\" width=\"543\" height=\"669\" src=\"https:\/\/ergeajans.com\/wp-content\/uploads\/2021\/05\/about-1.png\" class=\"attachment-full size-full wp-image-21\" alt=\"about-1\" srcset=\"https:\/\/ergeajans.com\/wp-content\/uploads\/2021\/05\/about-1.png 543w, https:\/\/ergeajans.com\/wp-content\/uploads\/2021\/05\/about-1-243x300.png 243w\" sizes=\"auto, (max-width: 543px) 100vw, 543px\" \/>                            <\/div>\n                        <\/div>\n                                                <div class=\"col-lg-7 col-md-12\">\n                            <div class=\"about-inner inner\">\n\n\n                                <div class=\"section-title text-left\">\n\n                                                                                                                        <div class=\"icon\">\n                                                <svg xmlns=\"http:\/\/www.w3.org\/2000\/svg\" width=\"24\" height=\"24\" viewBox=\"0 0 24 24\" fill=\"none\" stroke=\"currentColor\" stroke-width=\"1\" stroke-linecap=\"round\" stroke-linejoin=\"round\" class=\"feather feather-send\"><line x1=\"22\" y1=\"2\" x2=\"11\" y2=\"13\"><\/line><polygon points=\"22 2 15 22 11 13 2 9 22 2\"><\/polygon><\/svg>                                            <\/div>\n                                                                            \n                                                            <h2 class=\"title rbt-section-title\"><span>Erge Dijital Medya Ajans\u0131<\/span><\/h2>                            <p>Dijital d\u00fcnyada \u00f6ne \u00e7\u0131kmak, markan\u0131z\u0131 en iyi \u015fekilde temsil etmek ve hedef kitlenizle g\u00fc\u00e7l\u00fc ba\u011flar kurmak istiyorsan\u0131z do\u011fru adrestesiniz. Erge Ajans olarak, yarat\u0131c\u0131l\u0131\u011f\u0131, teknolojiyi ve stratejiyi bir araya getirerek markalar\u0131n\u0131z\u0131n ba\u015far\u0131 hikayelerine katk\u0131 sa\u011fl\u0131yoruz.\n<br>\n<br>\nErge Ajans\u0131 olarak, gen\u00e7 ve dinamik bir ekip olarak markalar\u0131n b\u00fcy\u00fcmesine ve d\u00f6n\u00fc\u015f\u00fcm sa\u011flamas\u0131na yard\u0131mc\u0131 oluyoruz. Tutkuyla ve \u00f6zveriyle \u00e7al\u0131\u015farak, markalar\u0131n\u0131z\u0131 dijital d\u00fcnyada \u00f6n plana \u00e7\u0131karacak \u00e7\u00f6z\u00fcmler sunuyoruz. Grafik tasar\u0131mdan dijital reklama, web tasar\u0131m\u0131ndan sosyal medya y\u00f6netimine kadar geni\u015f bir yelpazede hizmetler sunuyoruz.<\/p>\n                                                    <\/div>\n                                                                    <div class=\"service-btn mt--30\">\n                                                                            <\/div>\n                                                            <\/div>\n                        <\/div>\n                    <\/div>\n                <\/div>\n            <\/div>\n        <\/div>\n        <!-- Start About Area  -->\n        \t\t<\/div>\n\t\t\t\t<\/div>\n\t\t\t\t\t<\/div>\n\t\t<\/div>\n\t\t\t\t\t\t\t<\/div>\n\t\t<\/section>\n\t\t\t\t<section class=\"elementor-section elementor-top-section elementor-element elementor-element-e117cf5 elementor-section-boxed elementor-section-height-default elementor-section-height-default\" data-id=\"e117cf5\" data-element_type=\"section\">\n\t\t\t\t\t\t<div class=\"elementor-container elementor-column-gap-default\">\n\t\t\t\t\t<div class=\"elementor-column elementor-col-100 elementor-top-column elementor-element elementor-element-0a5a47d\" data-id=\"0a5a47d\" data-element_type=\"column\">\n\t\t\t<div class=\"elementor-widget-wrap elementor-element-populated\">\n\t\t\t\t\t\t\t\t<section class=\"elementor-section elementor-inner-section elementor-element elementor-element-1329b83 elementor-section-boxed elementor-section-height-default elementor-section-height-default\" data-id=\"1329b83\" data-element_type=\"section\">\n\t\t\t\t\t\t<div class=\"elementor-container elementor-column-gap-default\">\n\t\t\t\t\t<div class=\"elementor-column elementor-col-50 elementor-inner-column elementor-element elementor-element-a4d7a92\" data-id=\"a4d7a92\" data-element_type=\"column\">\n\t\t\t<div class=\"elementor-widget-wrap elementor-element-populated\">\n\t\t\t\t\t\t\t\t<div class=\"elementor-element elementor-element-564b0fc elementor-widget elementor-widget-heading\" data-id=\"564b0fc\" data-element_type=\"widget\" data-widget_type=\"heading.default\">\n\t\t\t\t<div class=\"elementor-widget-container\">\n\t\t\t<style>\/*! elementor - v3.13.3 - 28-05-2023 *\/\n.elementor-heading-title{padding:0;margin:0;line-height:1}.elementor-widget-heading .elementor-heading-title[class*=elementor-size-]>a{color:inherit;font-size:inherit;line-height:inherit}.elementor-widget-heading .elementor-heading-title.elementor-size-small{font-size:15px}.elementor-widget-heading .elementor-heading-title.elementor-size-medium{font-size:19px}.elementor-widget-heading .elementor-heading-title.elementor-size-large{font-size:29px}.elementor-widget-heading .elementor-heading-title.elementor-size-xl{font-size:39px}.elementor-widget-heading .elementor-heading-title.elementor-size-xxl{font-size:59px}<\/style><h5 class=\"elementor-heading-title elementor-size-default\">\u0130\u015fbirli\u011fiyle B\u00fcy\u00fcme<\/h5>\t\t<\/div>\n\t\t\t\t<\/div>\n\t\t\t\t<div class=\"elementor-element elementor-element-26b01da elementor-widget elementor-widget-text-editor\" data-id=\"26b01da\" data-element_type=\"widget\" data-widget_type=\"text-editor.default\">\n\t\t\t\t<div class=\"elementor-widget-container\">\n\t\t\t<style>\/*! elementor - v3.13.3 - 28-05-2023 *\/\n.elementor-widget-text-editor.elementor-drop-cap-view-stacked .elementor-drop-cap{background-color:#69727d;color:#fff}.elementor-widget-text-editor.elementor-drop-cap-view-framed .elementor-drop-cap{color:#69727d;border:3px solid;background-color:transparent}.elementor-widget-text-editor:not(.elementor-drop-cap-view-default) .elementor-drop-cap{margin-top:8px}.elementor-widget-text-editor:not(.elementor-drop-cap-view-default) .elementor-drop-cap-letter{width:1em;height:1em}.elementor-widget-text-editor .elementor-drop-cap{float:left;text-align:center;line-height:1;font-size:50px}.elementor-widget-text-editor .elementor-drop-cap-letter{display:inline-block}<\/style>\t\t\t\t<p>M\u00fc\u015fterilerimizle i\u015fbirli\u011fi i\u00e7inde \u00e7al\u0131\u015farak, markalar\u0131n b\u00fcy\u00fcmesine destek oluyor ve ortak ba\u015far\u0131ya ula\u015f\u0131yoruz.<\/p>\t\t\t\t\t\t<\/div>\n\t\t\t\t<\/div>\n\t\t\t\t\t<\/div>\n\t\t<\/div>\n\t\t\t\t<div class=\"elementor-column elementor-col-50 elementor-inner-column elementor-element elementor-element-cfc6e97\" data-id=\"cfc6e97\" data-element_type=\"column\">\n\t\t\t<div class=\"elementor-widget-wrap elementor-element-populated\">\n\t\t\t\t\t\t\t\t<div class=\"elementor-element elementor-element-395c0ba elementor-widget elementor-widget-heading\" data-id=\"395c0ba\" data-element_type=\"widget\" data-widget_type=\"heading.default\">\n\t\t\t\t<div class=\"elementor-widget-container\">\n\t\t\t<h5 class=\"elementor-heading-title elementor-size-default\">Strateji <\/h5>\t\t<\/div>\n\t\t\t\t<\/div>\n\t\t\t\t<div class=\"elementor-element elementor-element-6b75773 elementor-widget elementor-widget-text-editor\" data-id=\"6b75773\" data-element_type=\"widget\" data-widget_type=\"text-editor.default\">\n\t\t\t\t<div class=\"elementor-widget-container\">\n\t\t\t\t\t\t\t<p><span style=\"color: inherit; font-size: inherit; font-family: var(--font-primary);\">Erge Reklam Ajans\u0131, her proje i\u00e7in \u00f6zelle\u015ftirilmi\u015f stratejilerle \u00e7al\u0131\u015f\u0131r.<\/span><\/p>\t\t\t\t\t\t<\/div>\n\t\t\t\t<\/div>\n\t\t\t\t\t<\/div>\n\t\t<\/div>\n\t\t\t\t\t\t\t<\/div>\n\t\t<\/section>\n\t\t\t\t\t<\/div>\n\t\t<\/div>\n\t\t\t\t\t\t\t<\/div>\n\t\t<\/section>\n\t\t\t\t<section class=\"elementor-section elementor-top-section elementor-element elementor-element-d31df0e elementor-section-boxed elementor-section-height-default elementor-section-height-default\" data-id=\"d31df0e\" data-element_type=\"section\">\n\t\t\t\t\t\t<div class=\"elementor-container elementor-column-gap-default\">\n\t\t\t\t\t<div class=\"elementor-column elementor-col-100 elementor-top-column elementor-element elementor-element-30a26ad\" data-id=\"30a26ad\" data-element_type=\"column\">\n\t\t\t<div class=\"elementor-widget-wrap elementor-element-populated\">\n\t\t\t\t\t\t\t\t<section class=\"elementor-section elementor-inner-section elementor-element elementor-element-38477ba elementor-section-boxed elementor-section-height-default elementor-section-height-default\" data-id=\"38477ba\" data-element_type=\"section\">\n\t\t\t\t\t\t<div class=\"elementor-container elementor-column-gap-default\">\n\t\t\t\t\t<div class=\"elementor-column elementor-col-50 elementor-inner-column elementor-element elementor-element-6b349c5\" data-id=\"6b349c5\" data-element_type=\"column\">\n\t\t\t<div class=\"elementor-widget-wrap elementor-element-populated\">\n\t\t\t\t\t\t\t\t<div class=\"elementor-element elementor-element-e990b17 elementor-widget elementor-widget-heading\" data-id=\"e990b17\" data-element_type=\"widget\" data-widget_type=\"heading.default\">\n\t\t\t\t<div class=\"elementor-widget-container\">\n\t\t\t<h5 class=\"elementor-heading-title elementor-size-default\">G\u00fcvenilirlik ve Kalite<\/h5>\t\t<\/div>\n\t\t\t\t<\/div>\n\t\t\t\t<div class=\"elementor-element elementor-element-2896e75 elementor-widget elementor-widget-text-editor\" data-id=\"2896e75\" data-element_type=\"widget\" data-widget_type=\"text-editor.default\">\n\t\t\t\t<div class=\"elementor-widget-container\">\n\t\t\t\t\t\t\t<p>Y\u0131llar\u0131n deneyimi ve uzman ekibimizle, markalar\u0131n g\u00fcvenilir ve kaliteli hizmetler almas\u0131n\u0131 sa\u011fl\u0131yoruz.<\/p>\t\t\t\t\t\t<\/div>\n\t\t\t\t<\/div>\n\t\t\t\t\t<\/div>\n\t\t<\/div>\n\t\t\t\t<div class=\"elementor-column elementor-col-50 elementor-inner-column elementor-element elementor-element-ec7a745\" data-id=\"ec7a745\" data-element_type=\"column\">\n\t\t\t<div class=\"elementor-widget-wrap elementor-element-populated\">\n\t\t\t\t\t\t\t\t<div class=\"elementor-element elementor-element-addce6d elementor-widget elementor-widget-heading\" data-id=\"addce6d\" data-element_type=\"widget\" data-widget_type=\"heading.default\">\n\t\t\t\t<div class=\"elementor-widget-container\">\n\t\t\t<h5 class=\"elementor-heading-title elementor-size-default\">M\u00fc\u015fteri Odakl\u0131 \u00c7\u00f6z\u00fcmler<\/h5>\t\t<\/div>\n\t\t\t\t<\/div>\n\t\t\t\t<div class=\"elementor-element elementor-element-b3f1a7e elementor-widget elementor-widget-text-editor\" data-id=\"b3f1a7e\" data-element_type=\"widget\" data-widget_type=\"text-editor.default\">\n\t\t\t\t<div class=\"elementor-widget-container\">\n\t\t\t\t\t\t\t<p>M\u00fc\u015fteri memnuniyetini \u00f6nceli\u011fimiz olarak belirleyerek, markalar\u0131n \u00f6zel ihtiya\u00e7lar\u0131na \u00f6zel \u00e7\u00f6z\u00fcmler sunuyoruz.<\/p>\t\t\t\t\t\t<\/div>\n\t\t\t\t<\/div>\n\t\t\t\t\t<\/div>\n\t\t<\/div>\n\t\t\t\t\t\t\t<\/div>\n\t\t<\/section>\n\t\t\t\t\t<\/div>\n\t\t<\/div>\n\t\t\t\t\t\t\t<\/div>\n\t\t<\/section>\n\t\t\t\t<section class=\"elementor-section elementor-top-section elementor-element elementor-element-6e4dd0f elementor-section-boxed elementor-section-height-default elementor-section-height-default\" data-id=\"6e4dd0f\" data-element_type=\"section\">\n\t\t\t\t\t\t<div class=\"elementor-container elementor-column-gap-default\">\n\t\t\t\t\t<div class=\"elementor-column elementor-col-100 elementor-top-column elementor-element elementor-element-e7c3dca\" data-id=\"e7c3dca\" data-element_type=\"column\">\n\t\t\t<div class=\"elementor-widget-wrap elementor-element-populated\">\n\t\t\t\t\t\t\t\t<div class=\"elementor-element elementor-element-06813df elementor-widget elementor-widget-imroz-brand\" data-id=\"06813df\" data-element_type=\"widget\" data-widget_type=\"imroz-brand.default\">\n\t\t\t\t<div class=\"elementor-widget-container\">\n\t\t\t\n        <!-- Start Brand Area -->\n        <div class=\"rn-brand-area ptb--120 bg_color--1\">\n            <div class=\"container\">\n                                    <div class=\"row\">\n                        <div class=\"col-lg-12 col-md-12 col-sm-12 col-12\">\n                            <div class=\"section-title mb--30 text-center\">\n                                                            <span class=\"sub-title\">Erge Ajans\u0131 olarak, ge\u00e7mi\u015f projelerimiz ve memnun m\u00fc\u015fterilerimizle gurur duyuyoruz. <\/span>\n                        <h2 class=\"title rbt-section-title\"><span>Referanslar\u0131m\u0131z <\/span><\/h2>                                                <\/div>\n                        <\/div>\n                    <\/div>\n                                <div class=\"row\">\n                    <div class=\"col-lg-12\">\n\n                                            \n                            <ul class=\"brand-style-2 \">\n                                                                    <li>\n                                                                                                                                    <img loading=\"lazy\" decoding=\"async\" width=\"230\" height=\"170\" src=\"https:\/\/ergeajans.com\/wp-content\/uploads\/2023\/08\/logo-lar_Calisma-Yuzeyi-1-kopya-2.png\" class=\"attachment-full size-full\" alt=\"\" \/>                                                                                                                        <\/li>\n                                                                    <li>\n                                                                                                                                    <img loading=\"lazy\" decoding=\"async\" width=\"230\" height=\"170\" src=\"https:\/\/ergeajans.com\/wp-content\/uploads\/2023\/08\/logo-lar_Calisma-Yuzeyi-1-kopya-11.png\" class=\"attachment-full size-full\" alt=\"\" \/>                                                                                                                        <\/li>\n                                                                    <li>\n                                                                                                                                    <img loading=\"lazy\" decoding=\"async\" width=\"230\" height=\"170\" src=\"https:\/\/ergeajans.com\/wp-content\/uploads\/2023\/08\/logo-lar_Calisma-Yuzeyi-1-kopya-3.png\" class=\"attachment-full size-full\" alt=\"\" \/>                                                                                                                        <\/li>\n                                                                    <li>\n                                                                                                                                    <img loading=\"lazy\" decoding=\"async\" width=\"230\" height=\"170\" src=\"https:\/\/ergeajans.com\/wp-content\/uploads\/2023\/08\/logo-lar_Calisma-Yuzeyi-1-kopya-17.png\" class=\"attachment-full size-full\" alt=\"\" \/>                                                                                                                        <\/li>\n                                                                    <li>\n                                                                                                                                    <img loading=\"lazy\" decoding=\"async\" width=\"230\" height=\"170\" src=\"https:\/\/ergeajans.com\/wp-content\/uploads\/2023\/08\/logo-lar_Calisma-Yuzeyi-1-kopya-5.png\" class=\"attachment-full size-full\" alt=\"\" \/>                                                                                                                        <\/li>\n                                                                    <li>\n                                                                                                                                    <img loading=\"lazy\" decoding=\"async\" width=\"230\" height=\"170\" src=\"https:\/\/ergeajans.com\/wp-content\/uploads\/2023\/08\/logo-lar_Calisma-Yuzeyi-1-kopya-18.png\" class=\"attachment-full size-full\" alt=\"\" \/>                                                                                                                        <\/li>\n                                                                    <li>\n                                                                                                                                    <img loading=\"lazy\" decoding=\"async\" width=\"230\" height=\"170\" src=\"https:\/\/ergeajans.com\/wp-content\/uploads\/2023\/08\/logo-lar_Calisma-Yuzeyi-1-kopya-4.png\" class=\"attachment-full size-full\" alt=\"\" \/>                                                                                                                        <\/li>\n                                                                    <li>\n                                                                                                                                    <img loading=\"lazy\" decoding=\"async\" width=\"230\" height=\"170\" src=\"https:\/\/ergeajans.com\/wp-content\/uploads\/2023\/08\/logo-lar_Calisma-Yuzeyi-1-kopya-16.png\" class=\"attachment-full size-full\" alt=\"\" \/>                                                                                                                        <\/li>\n                                                                    <li>\n                                                                                                                                    <img loading=\"lazy\" decoding=\"async\" width=\"230\" height=\"170\" src=\"https:\/\/ergeajans.com\/wp-content\/uploads\/2023\/08\/logo-lar_Calisma-Yuzeyi-1-kopya-19.png\" class=\"attachment-full size-full\" alt=\"\" \/>                                                                                                                        <\/li>\n                                                                    <li>\n                                                                                                                                    <img loading=\"lazy\" decoding=\"async\" width=\"230\" height=\"170\" src=\"https:\/\/ergeajans.com\/wp-content\/uploads\/2023\/08\/logo-lar_Calisma-Yuzeyi-1.png\" class=\"attachment-full size-full\" alt=\"\" \/>                                                                                                                        <\/li>\n                                                                    <li>\n                                                                                                                                    <img loading=\"lazy\" decoding=\"async\" width=\"230\" height=\"170\" src=\"https:\/\/ergeajans.com\/wp-content\/uploads\/2023\/08\/logo-lar_Calisma-Yuzeyi-1-kopya-15.png\" class=\"attachment-full size-full\" alt=\"\" \/>                                                                                                                        <\/li>\n                                                                    <li>\n                                                                                                                                    <img loading=\"lazy\" decoding=\"async\" width=\"230\" height=\"170\" src=\"https:\/\/ergeajans.com\/wp-content\/uploads\/2023\/08\/logo-lar_Calisma-Yuzeyi-1-kopya-14.png\" class=\"attachment-full size-full\" alt=\"\" \/>                                                                                                                        <\/li>\n                                                                    <li>\n                                                                                                                                    <img loading=\"lazy\" decoding=\"async\" width=\"230\" height=\"170\" src=\"https:\/\/ergeajans.com\/wp-content\/uploads\/2023\/08\/logo-lar_Calisma-Yuzeyi-1-kopya-13.png\" class=\"attachment-full size-full\" alt=\"\" \/>                                                                                                                        <\/li>\n                                                                    <li>\n                                                                                                                                    <img loading=\"lazy\" decoding=\"async\" width=\"230\" height=\"170\" src=\"https:\/\/ergeajans.com\/wp-content\/uploads\/2023\/08\/logo-lar_Calisma-Yuzeyi-1-kopya-12.png\" class=\"attachment-full size-full\" alt=\"\" \/>                                                                                                                        <\/li>\n                                                                    <li>\n                                                                                                                                    <img loading=\"lazy\" decoding=\"async\" width=\"230\" height=\"170\" src=\"https:\/\/ergeajans.com\/wp-content\/uploads\/2023\/08\/logo-lar_Calisma-Yuzeyi-1-kopya-9.png\" class=\"attachment-full size-full\" alt=\"\" \/>                                                                                                                        <\/li>\n                                                                    <li>\n                                                                                                                                    <img loading=\"lazy\" decoding=\"async\" width=\"230\" height=\"170\" src=\"https:\/\/ergeajans.com\/wp-content\/uploads\/2023\/08\/logo-lar_Calisma-Yuzeyi-1-kopya-8.png\" class=\"attachment-full size-full\" alt=\"\" \/>                                                                                                                        <\/li>\n                                                                    <li>\n                                                                                                                                    <img loading=\"lazy\" decoding=\"async\" width=\"230\" height=\"170\" src=\"https:\/\/ergeajans.com\/wp-content\/uploads\/2023\/08\/logo-lar_Calisma-Yuzeyi-1-kopya-7.png\" class=\"attachment-full size-full\" alt=\"\" \/>                                                                                                                        <\/li>\n                                                                    <li>\n                                                                                                                                    <img loading=\"lazy\" decoding=\"async\" width=\"230\" height=\"170\" src=\"https:\/\/ergeajans.com\/wp-content\/uploads\/2023\/08\/logo-lar_Calisma-Yuzeyi-1-kopya-6.png\" class=\"attachment-full size-full\" alt=\"\" \/>                                                                                                                        <\/li>\n                                                            <\/ul>\n\n                            \n                                            <\/div>\n                <\/div>\n            <\/div>\n        <\/div>\n        <!-- End Brand Area -->\n\n        \t\t<\/div>\n\t\t\t\t<\/div>\n\t\t\t\t\t<\/div>\n\t\t<\/div>\n\t\t\t\t\t\t\t<\/div>\n\t\t<\/section>\n\t\t\t\t\t\t\t<\/div>\n\t\t","protected":false},"excerpt":{"rendered":"<p>Erge Dijital Medya Ajans\u0131 Dijital d\u00fcnyada \u00f6ne \u00e7\u0131kmak, markan\u0131z\u0131 en iyi \u015fekilde temsil etmek ve hedef kitlenizle g\u00fc\u00e7l\u00fc ba\u011flar kurmak istiyorsan\u0131z do\u011fru adrestesiniz. Erge Ajans olarak, yarat\u0131c\u0131l\u0131\u011f\u0131, teknolojiyi ve stratejiyi bir araya getirerek markalar\u0131n\u0131z\u0131n ba\u015far\u0131 hikayelerine katk\u0131 sa\u011fl\u0131yoruz. Erge Ajans\u0131 olarak, gen\u00e7 ve dinamik bir ekip olarak markalar\u0131n b\u00fcy\u00fcmesine ve d\u00f6n\u00fc\u015f\u00fcm sa\u011flamas\u0131na yard\u0131mc\u0131 oluyoruz. Tutkuyla [&hellip;]<\/p>\n","protected":false},"author":1,"featured_media":0,"parent":0,"menu_order":0,"comment_status":"closed","ping_status":"closed","template":"elementor_header_footer","meta":{"footnotes":""},"class_list":["post-1187","page","type-page","status-publish","hentry"],"acf":[],"aioseo_notices":[],"_links":{"self":[{"href":"https:\/\/ergeajans.com\/index.php\/wp-json\/wp\/v2\/pages\/1187","targetHints":{"allow":["GET"]}}],"collection":[{"href":"https:\/\/ergeajans.com\/index.php\/wp-json\/wp\/v2\/pages"}],"about":[{"href":"https:\/\/ergeajans.com\/index.php\/wp-json\/wp\/v2\/types\/page"}],"author":[{"embeddable":true,"href":"https:\/\/ergeajans.com\/index.php\/wp-json\/wp\/v2\/users\/1"}],"replies":[{"embeddable":true,"href":"https:\/\/ergeajans.com\/index.php\/wp-json\/wp\/v2\/comments?post=1187"}],"version-history":[{"count":17,"href":"https:\/\/ergeajans.com\/index.php\/wp-json\/wp\/v2\/pages\/1187\/revisions"}],"predecessor-version":[{"id":2829,"href":"https:\/\/ergeajans.com\/index.php\/wp-json\/wp\/v2\/pages\/1187\/revisions\/2829"}],"wp:attachment":[{"href":"https:\/\/ergeajans.com\/index.php\/wp-json\/wp\/v2\/media?parent=1187"}],"curies":[{"name":"wp","href":"https:\/\/api.w.org\/{rel}","templated":true}]}}