{"id":1334,"date":"2021-11-05T10:36:58","date_gmt":"2021-11-05T10:36:58","guid":{"rendered":"http:\/\/rainbowit.net\/themes\/imroz\/?page_id=1334"},"modified":"2024-10-27T17:44:11","modified_gmt":"2024-10-27T17:44:11","slug":"referanslar","status":"publish","type":"page","link":"https:\/\/ergeajans.com\/index.php\/referanslar\/","title":{"rendered":"Referanslar"},"content":{"rendered":"\t\t<div data-elementor-type=\"wp-page\" data-elementor-id=\"1334\" class=\"elementor elementor-1334\">\n\t\t\t\t\t\t\t\t\t<section class=\"elementor-section elementor-top-section elementor-element elementor-element-ec63c5b elementor-section-boxed elementor-section-height-default elementor-section-height-default\" data-id=\"ec63c5b\" data-element_type=\"section\">\n\t\t\t\t\t\t<div class=\"elementor-container elementor-column-gap-default\">\n\t\t\t\t\t<div class=\"elementor-column elementor-col-100 elementor-top-column elementor-element elementor-element-9271eb7\" data-id=\"9271eb7\" data-element_type=\"column\">\n\t\t\t<div class=\"elementor-widget-wrap elementor-element-populated\">\n\t\t\t\t\t\t\t\t<div class=\"elementor-element elementor-element-8a39f84 elementor-widget elementor-widget-imroz-brand\" data-id=\"8a39f84\" data-element_type=\"widget\" data-widget_type=\"imroz-brand.default\">\n\t\t\t\t<div class=\"elementor-widget-container\">\n\t\t\t\n        <!-- Start Brand Area -->\n        <div class=\"rn-brand-area ptb--120 bg_color--1\">\n            <div class=\"container\">\n                                    <div class=\"row\">\n                        <div class=\"col-lg-12 col-md-12 col-sm-12 col-12\">\n                            <div class=\"section-title mb--30 text-center\">\n                                                            <span class=\"sub-title\">Erge Ajans\u0131 olarak, ge\u00e7mi\u015f projelerimiz ve memnun m\u00fc\u015fterilerimizle gurur duyuyoruz. <\/span>\n                        <h2 class=\"title rbt-section-title\"><span>Referanslar\u0131m\u0131z <\/span><\/h2>                                                <\/div>\n                        <\/div>\n                    <\/div>\n                                <div class=\"row\">\n                    <div class=\"col-lg-12\">\n\n                     <div class=\"overflow-hidden\"> <div class=\"rbt-marquee-wrapper\">                          \n                            <ul class=\"brand-style-3 brand-marquee-animation \">\n                                                                    <li>\n                                                                                                                                    <img loading=\"lazy\" decoding=\"async\" width=\"230\" height=\"170\" src=\"https:\/\/ergeajans.com\/wp-content\/uploads\/2023\/08\/logo-lar_Calisma-Yuzeyi-1-kopya-2.png\" class=\"attachment-full size-full\" alt=\"\" \/>                                                                                                                        <\/li>\n                                                                    <li>\n                                                                                                                                    <img loading=\"lazy\" decoding=\"async\" width=\"230\" height=\"170\" src=\"https:\/\/ergeajans.com\/wp-content\/uploads\/2023\/08\/logo-lar_Calisma-Yuzeyi-1-kopya-11.png\" class=\"attachment-full size-full\" alt=\"\" \/>                                                                                                                        <\/li>\n                                                                    <li>\n                                                                                                                                    <img loading=\"lazy\" decoding=\"async\" width=\"230\" height=\"170\" src=\"https:\/\/ergeajans.com\/wp-content\/uploads\/2023\/08\/logo-lar_Calisma-Yuzeyi-1-kopya-3.png\" class=\"attachment-full size-full\" alt=\"\" \/>                                                                                                                        <\/li>\n                                                                    <li>\n                                                                                                                                    <img loading=\"lazy\" decoding=\"async\" width=\"230\" height=\"170\" src=\"https:\/\/ergeajans.com\/wp-content\/uploads\/2023\/08\/logo-lar_Calisma-Yuzeyi-1-kopya-4.png\" class=\"attachment-full size-full\" alt=\"\" \/>                                                                                                                        <\/li>\n                                                                    <li>\n                                                                                                                                    <img loading=\"lazy\" decoding=\"async\" width=\"230\" height=\"170\" src=\"https:\/\/ergeajans.com\/wp-content\/uploads\/2023\/08\/logo-lar_Calisma-Yuzeyi-1-kopya-16.png\" class=\"attachment-full size-full\" alt=\"\" \/>                                                                                                                        <\/li>\n                                                                    <li>\n                                                                                                                                    <img loading=\"lazy\" decoding=\"async\" width=\"230\" height=\"170\" src=\"https:\/\/ergeajans.com\/wp-content\/uploads\/2023\/08\/logo-lar_Calisma-Yuzeyi-1-kopya-15.png\" class=\"attachment-full size-full\" alt=\"\" \/>                                                                                                                        <\/li>\n                                                                    <li>\n                                                                                                                                    <img loading=\"lazy\" decoding=\"async\" width=\"230\" height=\"170\" src=\"https:\/\/ergeajans.com\/wp-content\/uploads\/2023\/08\/logo-lar_Calisma-Yuzeyi-1-kopya-14.png\" class=\"attachment-full size-full\" alt=\"\" \/>                                                                                                                        <\/li>\n                                                                    <li>\n                                                                                                                                    <img loading=\"lazy\" decoding=\"async\" width=\"230\" height=\"170\" src=\"https:\/\/ergeajans.com\/wp-content\/uploads\/2023\/08\/logo-lar_Calisma-Yuzeyi-1-kopya-13.png\" class=\"attachment-full size-full\" alt=\"\" \/>                                                                                                                        <\/li>\n                                                                    <li>\n                                                                                                                                    <img loading=\"lazy\" decoding=\"async\" width=\"230\" height=\"170\" src=\"https:\/\/ergeajans.com\/wp-content\/uploads\/2023\/08\/logo-lar_Calisma-Yuzeyi-1-kopya-7.png\" class=\"attachment-full size-full\" alt=\"\" \/>                                                                                                                        <\/li>\n                                                                    <li>\n                                                                                                                                    <img loading=\"lazy\" decoding=\"async\" width=\"230\" height=\"170\" src=\"https:\/\/ergeajans.com\/wp-content\/uploads\/2023\/08\/logo-lar_Calisma-Yuzeyi-1-kopya-6.png\" class=\"attachment-full size-full\" alt=\"\" \/>                                                                                                                        <\/li>\n                                                            <\/ul>\n\n                              \n                            <ul class=\"brand-style-3 brand-marquee-animation \">\n                                                                    <li>\n                                                                                                                                    <img loading=\"lazy\" decoding=\"async\" width=\"230\" height=\"170\" src=\"https:\/\/ergeajans.com\/wp-content\/uploads\/2023\/08\/logo-lar_Calisma-Yuzeyi-1-kopya-2.png\" class=\"attachment-full size-full\" alt=\"\" \/>                                                                                                                        <\/li>\n                                                                    <li>\n                                                                                                                                    <img loading=\"lazy\" decoding=\"async\" width=\"230\" height=\"170\" src=\"https:\/\/ergeajans.com\/wp-content\/uploads\/2023\/08\/logo-lar_Calisma-Yuzeyi-1-kopya-11.png\" class=\"attachment-full size-full\" alt=\"\" \/>                                                                                                                        <\/li>\n                                                                    <li>\n                                                                                                                                    <img loading=\"lazy\" decoding=\"async\" width=\"230\" height=\"170\" src=\"https:\/\/ergeajans.com\/wp-content\/uploads\/2023\/08\/logo-lar_Calisma-Yuzeyi-1-kopya-3.png\" class=\"attachment-full size-full\" alt=\"\" \/>                                                                                                                        <\/li>\n                                                                    <li>\n                                                                                                                                    <img loading=\"lazy\" decoding=\"async\" width=\"230\" height=\"170\" src=\"https:\/\/ergeajans.com\/wp-content\/uploads\/2023\/08\/logo-lar_Calisma-Yuzeyi-1-kopya-4.png\" class=\"attachment-full size-full\" alt=\"\" \/>                                                                                                                        <\/li>\n                                                                    <li>\n                                                                                                                                    <img loading=\"lazy\" decoding=\"async\" width=\"230\" height=\"170\" src=\"https:\/\/ergeajans.com\/wp-content\/uploads\/2023\/08\/logo-lar_Calisma-Yuzeyi-1-kopya-16.png\" class=\"attachment-full size-full\" alt=\"\" \/>                                                                                                                        <\/li>\n                                                                    <li>\n                                                                                                                                    <img loading=\"lazy\" decoding=\"async\" width=\"230\" height=\"170\" src=\"https:\/\/ergeajans.com\/wp-content\/uploads\/2023\/08\/logo-lar_Calisma-Yuzeyi-1-kopya-15.png\" class=\"attachment-full size-full\" alt=\"\" \/>                                                                                                                        <\/li>\n                                                                    <li>\n                                                                                                                                    <img loading=\"lazy\" decoding=\"async\" width=\"230\" height=\"170\" src=\"https:\/\/ergeajans.com\/wp-content\/uploads\/2023\/08\/logo-lar_Calisma-Yuzeyi-1-kopya-14.png\" class=\"attachment-full size-full\" alt=\"\" \/>                                                                                                                        <\/li>\n                                                                    <li>\n                                                                                                                                    <img loading=\"lazy\" decoding=\"async\" width=\"230\" height=\"170\" src=\"https:\/\/ergeajans.com\/wp-content\/uploads\/2023\/08\/logo-lar_Calisma-Yuzeyi-1-kopya-13.png\" class=\"attachment-full size-full\" alt=\"\" \/>                                                                                                                        <\/li>\n                                                                    <li>\n                                                                                                                                    <img loading=\"lazy\" decoding=\"async\" width=\"230\" height=\"170\" src=\"https:\/\/ergeajans.com\/wp-content\/uploads\/2023\/08\/logo-lar_Calisma-Yuzeyi-1-kopya-7.png\" class=\"attachment-full size-full\" alt=\"\" \/>                                                                                                                        <\/li>\n                                                                    <li>\n                                                                                                                                    <img loading=\"lazy\" decoding=\"async\" width=\"230\" height=\"170\" src=\"https:\/\/ergeajans.com\/wp-content\/uploads\/2023\/08\/logo-lar_Calisma-Yuzeyi-1-kopya-6.png\" class=\"attachment-full size-full\" alt=\"\" \/>                                                                                                                        <\/li>\n                                                            <\/ul>\n                            \n                         <\/div> <\/div>                     <\/div>\n                <\/div>\n            <\/div>\n        <\/div>\n        <!-- End Brand Area -->\n\n        \t\t<\/div>\n\t\t\t\t<\/div>\n\t\t\t\t\t<\/div>\n\t\t<\/div>\n\t\t\t\t\t\t\t<\/div>\n\t\t<\/section>\n\t\t\t\t\t\t\t<\/div>\n\t\t","protected":false},"excerpt":{"rendered":"<p>Erge Ajans\u0131 olarak, ge\u00e7mi\u015f projelerimiz ve memnun m\u00fc\u015fterilerimizle gurur duyuyoruz. Referanslar\u0131m\u0131z<\/p>\n","protected":false},"author":1,"featured_media":0,"parent":0,"menu_order":0,"comment_status":"closed","ping_status":"closed","template":"elementor_header_footer","meta":{"footnotes":""},"class_list":["post-1334","page","type-page","status-publish","hentry"],"acf":[],"aioseo_notices":[],"_links":{"self":[{"href":"https:\/\/ergeajans.com\/index.php\/wp-json\/wp\/v2\/pages\/1334","targetHints":{"allow":["GET"]}}],"collection":[{"href":"https:\/\/ergeajans.com\/index.php\/wp-json\/wp\/v2\/pages"}],"about":[{"href":"https:\/\/ergeajans.com\/index.php\/wp-json\/wp\/v2\/types\/page"}],"author":[{"embeddable":true,"href":"https:\/\/ergeajans.com\/index.php\/wp-json\/wp\/v2\/users\/1"}],"replies":[{"embeddable":true,"href":"https:\/\/ergeajans.com\/index.php\/wp-json\/wp\/v2\/comments?post=1334"}],"version-history":[{"count":10,"href":"https:\/\/ergeajans.com\/index.php\/wp-json\/wp\/v2\/pages\/1334\/revisions"}],"predecessor-version":[{"id":2877,"href":"https:\/\/ergeajans.com\/index.php\/wp-json\/wp\/v2\/pages\/1334\/revisions\/2877"}],"wp:attachment":[{"href":"https:\/\/ergeajans.com\/index.php\/wp-json\/wp\/v2\/media?parent=1334"}],"curies":[{"name":"wp","href":"https:\/\/api.w.org\/{rel}","templated":true}]}}